{"id":77278,"date":"2023-07-07T08:16:35","date_gmt":"2023-07-07T07:16:35","guid":{"rendered":"https:\/\/futech.be\/?page_id=77278"},"modified":"2023-07-07T13:58:41","modified_gmt":"2023-07-07T12:58:41","slug":"panneaux-solaires-en-general","status":"publish","type":"page","link":"https:\/\/futech.be\/fr\/panneaux-solaires-en-general\/","title":{"rendered":"Panneaux solaires en g\u00e9n\u00e9ral"},"content":{"rendered":"[vc_row type=\u00a0\u00bbfull_width_background\u00a0\u00bb full_screen_row_position=\u00a0\u00bbmiddle\u00a0\u00bb column_margin=\u00a0\u00bbdefault\u00a0\u00bb column_direction=\u00a0\u00bbdefault\u00a0\u00bb column_direction_tablet=\u00a0\u00bbdefault\u00a0\u00bb column_direction_phone=\u00a0\u00bbdefault\u00a0\u00bb bg_image=\u00a0\u00bb6320&Prime; bg_position=\u00a0\u00bbcenter center\u00a0\u00bb background_image_loading=\u00a0\u00bbdefault\u00a0\u00bb bg_repeat=\u00a0\u00bbno-repeat\u00a0\u00bb scene_position=\u00a0\u00bbcenter\u00a0\u00bb top_padding=\u00a0\u00bb10%\u00a0\u00bb bottom_padding=\u00a0\u00bb7%\u00a0\u00bb text_color=\u00a0\u00bblight\u00a0\u00bb text_align=\u00a0\u00bbleft\u00a0\u00bb row_border_radius=\u00a0\u00bbnone\u00a0\u00bb row_border_radius_applies=\u00a0\u00bbbg\u00a0\u00bb overflow=\u00a0\u00bbvisible\u00a0\u00bb color_overlay=\u00a0\u00bb#000000&Prime; advanced_gradient_angle=\u00a0\u00bb0&Prime; overlay_strength=\u00a0\u00bb0.5&Prime; gradient_direction=\u00a0\u00bbleft_to_right\u00a0\u00bb shape_divider_position=\u00a0\u00bbbottom\u00a0\u00bb bg_image_animation=\u00a0\u00bbnone\u00a0\u00bb gradient_type=\u00a0\u00bbdefault\u00a0\u00bb shape_type=\u00a0\u00bb\u00a0\u00bb][vc_column column_padding=\u00a0\u00bbno-extra-padding\u00a0\u00bb column_padding_tablet=\u00a0\u00bbinherit\u00a0\u00bb column_padding_phone=\u00a0\u00bbinherit\u00a0\u00bb column_padding_position=\u00a0\u00bball\u00a0\u00bb column_element_spacing=\u00a0\u00bbdefault\u00a0\u00bb background_color_opacity=\u00a0\u00bb1&Prime; background_hover_color_opacity=\u00a0\u00bb1&Prime; column_shadow=\u00a0\u00bbnone\u00a0\u00bb column_border_radius=\u00a0\u00bbnone\u00a0\u00bb column_link_target=\u00a0\u00bb_self\u00a0\u00bb column_position=\u00a0\u00bbdefault\u00a0\u00bb gradient_direction=\u00a0\u00bbleft_to_right\u00a0\u00bb overlay_strength=\u00a0\u00bb0.3&Prime; width=\u00a0\u00bb1\/1&Prime; tablet_width_inherit=\u00a0\u00bbdefault\u00a0\u00bb tablet_text_alignment=\u00a0\u00bbdefault\u00a0\u00bb phone_text_alignment=\u00a0\u00bbdefault\u00a0\u00bb animation_type=\u00a0\u00bbdefault\u00a0\u00bb bg_image_animation=\u00a0\u00bbnone\u00a0\u00bb border_type=\u00a0\u00bbsimple\u00a0\u00bb column_border_width=\u00a0\u00bbnone\u00a0\u00bb column_border_style=\u00a0\u00bbsolid\u00a0\u00bb][vc_column_text]\n<h5>KENNISCENTRUM<\/h5>\n[\/vc_column_text][split_line_heading animation_type=\u00a0\u00bbdefault\u00a0\u00bb]\n<h2>Panneaux solaires en g\u00e9n\u00e9ral<\/h2>\n[\/split_line_heading][\/vc_column][\/vc_row][vc_row type=\u00a0\u00bbin_container\u00a0\u00bb full_screen_row_position=\u00a0\u00bbmiddle\u00a0\u00bb column_margin=\u00a0\u00bb90px\u00a0\u00bb column_direction=\u00a0\u00bbdefault\u00a0\u00bb column_direction_tablet=\u00a0\u00bbdefault\u00a0\u00bb column_direction_phone=\u00a0\u00bbdefault\u00a0\u00bb scene_position=\u00a0\u00bbcenter\u00a0\u00bb top_padding=\u00a0\u00bb10%\u00a0\u00bb constrain_group_1=\u00a0\u00bbyes\u00a0\u00bb bottom_padding=\u00a0\u00bb10%\u00a0\u00bb text_color=\u00a0\u00bbdark\u00a0\u00bb text_align=\u00a0\u00bbleft\u00a0\u00bb row_border_radius=\u00a0\u00bbnone\u00a0\u00bb row_border_radius_applies=\u00a0\u00bbbg\u00a0\u00bb overflow=\u00a0\u00bbvisible\u00a0\u00bb advanced_gradient_angle=\u00a0\u00bb0&Prime; overlay_strength=\u00a0\u00bb0.3&Prime; gradient_direction=\u00a0\u00bbleft_to_right\u00a0\u00bb shape_divider_position=\u00a0\u00bbbottom\u00a0\u00bb bg_image_animation=\u00a0\u00bbnone\u00a0\u00bb shape_type=\u00a0\u00bb\u00a0\u00bb gradient_type=\u00a0\u00bbdefault\u00a0\u00bb][vc_column column_padding=\u00a0\u00bbno-extra-padding\u00a0\u00bb column_padding_tablet=\u00a0\u00bbpadding-5-percent\u00a0\u00bb column_padding_phone=\u00a0\u00bbinherit\u00a0\u00bb column_padding_position=\u00a0\u00bbleft-right\u00a0\u00bb column_element_spacing=\u00a0\u00bbdefault\u00a0\u00bb sticky_content=\u00a0\u00bbtrue\u00a0\u00bb sticky_content_functionality=\u00a0\u00bbcss\u00a0\u00bb sticky_content_alignment=\u00a0\u00bbmiddle\u00a0\u00bb background_color_opacity=\u00a0\u00bb1&Prime; background_hover_color_opacity=\u00a0\u00bb1&Prime; column_shadow=\u00a0\u00bbnone\u00a0\u00bb column_border_radius=\u00a0\u00bbnone\u00a0\u00bb column_link_target=\u00a0\u00bb_self\u00a0\u00bb column_position=\u00a0\u00bbdefault\u00a0\u00bb advanced_gradient_angle=\u00a0\u00bb0&Prime; gradient_direction=\u00a0\u00bbleft_to_right\u00a0\u00bb overlay_strength=\u00a0\u00bb0.3&Prime; width=\u00a0\u00bb2\/3&Prime; tablet_width_inherit=\u00a0\u00bbdefault\u00a0\u00bb tablet_text_alignment=\u00a0\u00bbdefault\u00a0\u00bb phone_text_alignment=\u00a0\u00bbdefault\u00a0\u00bb animation_type=\u00a0\u00bbdefault\u00a0\u00bb bg_image_animation=\u00a0\u00bbnone\u00a0\u00bb border_type=\u00a0\u00bbsimple\u00a0\u00bb column_border_width=\u00a0\u00bbnone\u00a0\u00bb column_border_style=\u00a0\u00bbsolid\u00a0\u00bb gradient_type=\u00a0\u00bbdefault\u00a0\u00bb][vc_row_inner column_margin=\u00a0\u00bbnone\u00a0\u00bb column_direction=\u00a0\u00bbdefault\u00a0\u00bb column_direction_tablet=\u00a0\u00bbdefault\u00a0\u00bb column_direction_phone=\u00a0\u00bbdefault\u00a0\u00bb bottom_padding=\u00a0\u00bb15&Prime; text_align=\u00a0\u00bbleft\u00a0\u00bb row_position=\u00a0\u00bbdefault\u00a0\u00bb row_position_tablet=\u00a0\u00bbinherit\u00a0\u00bb row_position_phone=\u00a0\u00bbinherit\u00a0\u00bb overflow=\u00a0\u00bbvisible\u00a0\u00bb pointer_events=\u00a0\u00bball\u00a0\u00bb][vc_column_inner column_padding=\u00a0\u00bbno-extra-padding\u00a0\u00bb column_padding_tablet=\u00a0\u00bbinherit\u00a0\u00bb column_padding_phone=\u00a0\u00bbinherit\u00a0\u00bb column_padding_position=\u00a0\u00bball\u00a0\u00bb column_element_spacing=\u00a0\u00bbdefault\u00a0\u00bb background_color_opacity=\u00a0\u00bb1&Prime; background_hover_color_opacity=\u00a0\u00bb1&Prime; column_shadow=\u00a0\u00bbnone\u00a0\u00bb column_border_radius=\u00a0\u00bbnone\u00a0\u00bb column_link_target=\u00a0\u00bb_self\u00a0\u00bb gradient_direction=\u00a0\u00bbleft_to_right\u00a0\u00bb overlay_strength=\u00a0\u00bb0.3&Prime; width=\u00a0\u00bb1\/1&Prime; tablet_width_inherit=\u00a0\u00bbdefault\u00a0\u00bb animation_type=\u00a0\u00bbdefault\u00a0\u00bb enable_animation=\u00a0\u00bbtrue\u00a0\u00bb animation=\u00a0\u00bbfade-in-from-bottom\u00a0\u00bb bg_image_animation=\u00a0\u00bbnone\u00a0\u00bb border_type=\u00a0\u00bbsimple\u00a0\u00bb column_border_width=\u00a0\u00bbnone\u00a0\u00bb column_border_style=\u00a0\u00bbsolid\u00a0\u00bb gradient_type=\u00a0\u00bbdefault\u00a0\u00bb][vc_column_text]\n<h5>QUESTIONS FR\u00c9QUEMMENT POS\u00c9ES<\/h5>\n[\/vc_column_text][\/vc_column_inner][\/vc_row_inner][split_line_heading animation_type=\u00a0\u00bbline-reveal-by-space\u00a0\u00bb font_style=\u00a0\u00bbh3&Prime; line_reveal_by_space_text_effect=\u00a0\u00bbdefault\u00a0\u00bb stagger_animation=\u00a0\u00bbtrue\u00a0\u00bb content_alignment=\u00a0\u00bbdefault\u00a0\u00bb mobile_content_alignment=\u00a0\u00bbinherit\u00a0\u00bb link_target=\u00a0\u00bb_self\u00a0\u00bb text_content=\u00a0\u00bbTout ce que vous voulez savoir sur les panneaux solaires\u00a0\u00bb font_size=\u00a0\u00bb3vw\u00a0\u00bb max_width=\u00a0\u00bb80%\u00a0\u00bb][\/split_line_heading][divider line_type=\u00a0\u00bbNo Line\u00a0\u00bb custom_height=\u00a0\u00bb50&Prime;][toggles style=\u00a0\u00bbminimal\u00a0\u00bb accordion=\u00a0\u00bbtrue\u00a0\u00bb accordion_starting_functionality=\u00a0\u00bbclosed\u00a0\u00bb][toggle color=\u00a0\u00bbDefault\u00a0\u00bb heading_tag=\u00a0\u00bbh4&Prime; title=\u00a0\u00bbJ&rsquo;ai des panneaux solaires et je d\u00e9m\u00e9nage. Que dois-je faire ?\u00a0\u00bb][vc_column_text]Si les panneaux solaires restent sur la propri\u00e9t\u00e9 que vous quittez, vous devez contacter votre gestionnaire de r\u00e9seau Ores.<\/p>\n<p>Si vous d\u00e9cidez de d\u00e9m\u00e9nager avec vos panneaux, Futech peut vous aider \u00e0 le faire. Vous pourrez contacter votre fournisseur d\u2019\u00e9nergie ou demander un devis sur notre site..<\/p>\n<p>Si vous \u00eates un client en location, vous avez le choix entre trois options :<\/p>\n<p>Votre contrat sera repris par le nouveau propri\u00e9taire du bien.\u00a0Le nouveau propri\u00e9taire du bien pourra vous racheter l&rsquo;installation.\u00a0 L&rsquo;installation sera enlev\u00e9e \u00e0 vos frais (et \u00e9ventuellement d\u00e9plac\u00e9e vers votre nouveau domicile).[\/vc_column_text][\/toggle][toggle color=\u00a0\u00bbDefault\u00a0\u00bb heading_tag=\u00a0\u00bbh4&Prime; title=\u00a0\u00bbFutech peut-il remplacer mon compteur d&rsquo;\u00e9lectricit\u00e9 verte ?\u00a0\u00bb][vc_column_text]Vous pourrez faire appel \u00e0 Futech dans ce cas ! Nous intervenons pour le remplacement des compteurs d&rsquo;\u00e9lectricit\u00e9 verte de fa\u00e7on directe. Les frais de mat\u00e9riel sont factur\u00e9s au prix du catalogue. Vous pouvez demander un devis pour le remplacement d&rsquo;un compteur d&rsquo;\u00e9lectricit\u00e9 verte aupr\u00e8s de votre fournisseur d&rsquo;\u00e9nergie ou via <strong><a href=\"https:\/\/futech.be\/fr\/demander-un-devis\/\">notre page de devis<\/a><\/strong>.[\/vc_column_text][\/toggle][toggle color=\u00a0\u00bbDefault\u00a0\u00bb heading_tag=\u00a0\u00bbh4&Prime; title=\u00a0\u00bbA quel moment du mois a lieu le pr\u00e9l\u00e8vement automatique pour la formule Eco Fix de Futech ?\u00a0\u00bb][vc_column_text]Les pr\u00e9l\u00e8vements sont toujours effectu\u00e9es au d\u00e9but du mois. En effet, la plupart de nos clients pr\u00e9f\u00e8rent cette p\u00e9riode du mois.<\/p>\n[\/vc_column_text][\/toggle][toggle color=\u00a0\u00bbDefault\u00a0\u00bb heading_tag=\u00a0\u00bbh4&Prime; title=\u00a0\u00bbPourquoi le montant de mon pr\u00e9l\u00e8vement mensuel pour la formule Eco Fix de Futech ne correspond-il pas au montant convenu ?\u00a0\u00bb][vc_column_text]S&rsquo;il s&rsquo;agit du premier mois de paiement, un montant est calcul\u00e9 sur la base du nombre r\u00e9el de jours op\u00e9r\u00e9s. De ce fait, en cas de d\u00e9marrage \u00e0 la moiti\u00e9 du mois, seule la moiti\u00e9 du montant mensuel sera domicili\u00e9e.<\/p>\n<p>Une autre possibilit\u00e9 est que le pr\u00e9l\u00e8vement ait \u00e9chou\u00e9 un mois plus t\u00f4t. Dans ce cas, ce solde sera imput\u00e9 sur le prochain paiement.[\/vc_column_text][\/toggle][toggle color=\u00a0\u00bbDefault\u00a0\u00bb heading_tag=\u00a0\u00bbh4&Prime; title=\u00a0\u00bbJe suis client Eco Fix chez Futech et mon compte a d\u00e9j\u00e0 \u00e9t\u00e9 domicili\u00e9 pour la premi\u00e8re fois alors que mon installation n&rsquo;est pas encore totalement op\u00e9rationnelle. Quelle en est la raison ?\u00a0\u00bb][vc_column_text]Votre contrat Eco Fix avec Futech Home a une dur\u00e9e de 240 mois. Plus le premier versement est effectu\u00e9 t\u00f4t, plus le remboursement final est anticip\u00e9. Si nous repoussons la date de d\u00e9but, le dernier paiement sera report\u00e9 \u00e0 une date ult\u00e9rieure.[\/vc_column_text][\/toggle][toggle color=\u00a0\u00bbDefault\u00a0\u00bb heading_tag=\u00a0\u00bbh4&Prime; title=\u00a0\u00bbQue dois-je faire de mes panneaux solaires hors d&rsquo;usage ?\u00a0\u00bb][vc_column_text]Si vous avez achet\u00e9 des panneaux solaires \u00e0 partir du 1er juillet 2016 ou plus tard, vous avez normalement d\u00e9j\u00e0 rempli votre obligation de contribution environnementale via la recharge effectu\u00e9e par votre installateur. Si vous avez achet\u00e9 vos panneaux avant le 1er juillet 2016, vous ne deviez pas payer la cotisationde recyclage \u00e0 ce moment-l\u00e0. Dans les deux cas, vous n&rsquo;\u00eates pas dispens\u00e9 de payer un suppl\u00e9ment lorsque vous apportez ou faites apporter vos panneaux solaires hors d\u2019usage \u00e0 un centre de collecte.<\/p>\n<p>Nous vous conseillons toutefois de prendre rendez-vous avec le centre de collecte de votre choix. Vous pouvez \u00e9galement vous faire enlever les panneaux solaires hors d&rsquo;usage \u00e0 partir de 40 panneaux.[\/vc_column_text][\/toggle][\/toggles][\/vc_column][vc_column column_padding=\u00a0\u00bbno-extra-padding\u00a0\u00bb column_padding_tablet=\u00a0\u00bbpadding-5-percent\u00a0\u00bb column_padding_phone=\u00a0\u00bbinherit\u00a0\u00bb column_padding_position=\u00a0\u00bball\u00a0\u00bb column_element_spacing=\u00a0\u00bb30px\u00a0\u00bb sticky_content=\u00a0\u00bbtrue\u00a0\u00bb sticky_content_functionality=\u00a0\u00bbjs\u00a0\u00bb background_color_opacity=\u00a0\u00bb1&Prime; background_hover_color_opacity=\u00a0\u00bb1&Prime; column_shadow=\u00a0\u00bbnone\u00a0\u00bb column_border_radius=\u00a0\u00bbnone\u00a0\u00bb column_link_target=\u00a0\u00bb_self\u00a0\u00bb column_position=\u00a0\u00bbdefault\u00a0\u00bb advanced_gradient_angle=\u00a0\u00bb0&Prime; gradient_direction=\u00a0\u00bbleft_to_right\u00a0\u00bb overlay_strength=\u00a0\u00bb0.3&Prime; width=\u00a0\u00bb1\/3&Prime; tablet_width_inherit=\u00a0\u00bbdefault\u00a0\u00bb tablet_text_alignment=\u00a0\u00bbdefault\u00a0\u00bb phone_text_alignment=\u00a0\u00bbdefault\u00a0\u00bb animation_type=\u00a0\u00bbdefault\u00a0\u00bb bg_image_animation=\u00a0\u00bbnone\u00a0\u00bb border_type=\u00a0\u00bbsimple\u00a0\u00bb column_border_width=\u00a0\u00bbnone\u00a0\u00bb column_border_style=\u00a0\u00bbsolid\u00a0\u00bb gradient_type=\u00a0\u00bbdefault\u00a0\u00bb][vc_video link=\u00a0\u00bbhttps:\/\/www.youtube.com\/watch?v=scz71qKGxkI\u00a0\u00bb align=\u00a0\u00bbcenter\u00a0\u00bb][\/vc_column][vc_column column_padding=\u00a0\u00bbno-extra-padding\u00a0\u00bb column_padding_tablet=\u00a0\u00bbinherit\u00a0\u00bb column_padding_phone=\u00a0\u00bbinherit\u00a0\u00bb column_padding_position=\u00a0\u00bball\u00a0\u00bb column_element_spacing=\u00a0\u00bbdefault\u00a0\u00bb background_color_opacity=\u00a0\u00bb1&Prime; background_hover_color_opacity=\u00a0\u00bb1&Prime; column_shadow=\u00a0\u00bbnone\u00a0\u00bb column_border_radius=\u00a0\u00bbnone\u00a0\u00bb column_link_target=\u00a0\u00bb_self\u00a0\u00bb column_position=\u00a0\u00bbdefault\u00a0\u00bb gradient_direction=\u00a0\u00bbleft_to_right\u00a0\u00bb overlay_strength=\u00a0\u00bb0.3&Prime; width=\u00a0\u00bb1\/1&Prime; tablet_width_inherit=\u00a0\u00bbdefault\u00a0\u00bb tablet_text_alignment=\u00a0\u00bbdefault\u00a0\u00bb phone_text_alignment=\u00a0\u00bbdefault\u00a0\u00bb animation_type=\u00a0\u00bbdefault\u00a0\u00bb bg_image_animation=\u00a0\u00bbnone\u00a0\u00bb border_type=\u00a0\u00bbsimple\u00a0\u00bb column_border_width=\u00a0\u00bbnone\u00a0\u00bb column_border_style=\u00a0\u00bbsolid\u00a0\u00bb][\/vc_column][vc_column column_padding=\u00a0\u00bbno-extra-padding\u00a0\u00bb column_padding_tablet=\u00a0\u00bbinherit\u00a0\u00bb column_padding_phone=\u00a0\u00bbinherit\u00a0\u00bb column_padding_position=\u00a0\u00bball\u00a0\u00bb column_element_spacing=\u00a0\u00bbdefault\u00a0\u00bb background_color_opacity=\u00a0\u00bb1&Prime; background_hover_color_opacity=\u00a0\u00bb1&Prime; column_shadow=\u00a0\u00bbnone\u00a0\u00bb column_border_radius=\u00a0\u00bbnone\u00a0\u00bb column_link_target=\u00a0\u00bb_self\u00a0\u00bb column_position=\u00a0\u00bbdefault\u00a0\u00bb gradient_direction=\u00a0\u00bbleft_to_right\u00a0\u00bb overlay_strength=\u00a0\u00bb0.3&Prime; width=\u00a0\u00bb1\/1&Prime; tablet_width_inherit=\u00a0\u00bbdefault\u00a0\u00bb tablet_text_alignment=\u00a0\u00bbdefault\u00a0\u00bb phone_text_alignment=\u00a0\u00bbdefault\u00a0\u00bb animation_type=\u00a0\u00bbdefault\u00a0\u00bb bg_image_animation=\u00a0\u00bbnone\u00a0\u00bb border_type=\u00a0\u00bbsimple\u00a0\u00bb column_border_width=\u00a0\u00bbnone\u00a0\u00bb column_border_style=\u00a0\u00bbsolid\u00a0\u00bb][\/vc_column][\/vc_row]\n","protected":false},"excerpt":{"rendered":"<p>[vc_row type=\u00a0\u00bbfull_width_background\u00a0\u00bb full_screen_row_position=\u00a0\u00bbmiddle\u00a0\u00bb column_margin=\u00a0\u00bbdefault\u00a0\u00bb column_direction=\u00a0\u00bbdefault\u00a0\u00bb column_direction_tablet=\u00a0\u00bbdefault\u00a0\u00bb column_direction_phone=\u00a0\u00bbdefault\u00a0\u00bb bg_image=\u00a0\u00bb6320&Prime; bg_position=\u00a0\u00bbcenter center\u00a0\u00bb background_image_loading=\u00a0\u00bbdefault\u00a0\u00bb bg_repeat=\u00a0\u00bbno-repeat\u00a0\u00bb scene_position=\u00a0\u00bbcenter\u00a0\u00bb top_padding=\u00a0\u00bb10%\u00a0\u00bb bottom_padding=\u00a0\u00bb7%\u00a0\u00bb&#8230;<\/p>\n","protected":false},"author":2,"featured_media":0,"parent":0,"menu_order":0,"comment_status":"closed","ping_status":"closed","template":"","meta":{"footnotes":""},"class_list":["post-77278","page","type-page","status-publish"],"yoast_head":"<!-- This site is optimized with the Yoast SEO plugin v27.4 - https:\/\/yoast.com\/product\/yoast-seo-wordpress\/ -->\n<title>Panneaux solaires en g\u00e9n\u00e9ral - Futech<\/title>\n<meta name=\"description\" content=\"Les questions les plus fr\u00e9quentes sur les panneaux solaires de Futech general. Retrouvez-les ici et d\u00e9couvrez tout sur votre installation!\" \/>\n<meta name=\"robots\" content=\"index, follow, max-snippet:-1, max-image-preview:large, max-video-preview:-1\" \/>\n<link rel=\"canonical\" href=\"https:\/\/futech.be\/fr\/panneaux-solaires-en-general\/\" \/>\n<meta property=\"og:locale\" content=\"fr_FR\" \/>\n<meta property=\"og:type\" content=\"article\" \/>\n<meta property=\"og:title\" content=\"Panneaux solaires en g\u00e9n\u00e9ral - Futech\" \/>\n<meta property=\"og:description\" content=\"Les questions les plus fr\u00e9quentes sur les panneaux solaires de Futech general. Retrouvez-les ici et d\u00e9couvrez tout sur votre installation!\" \/>\n<meta property=\"og:url\" content=\"https:\/\/futech.be\/fr\/panneaux-solaires-en-general\/\" \/>\n<meta property=\"og:site_name\" content=\"Futech\" \/>\n<meta property=\"article:publisher\" content=\"https:\/\/www.facebook.com\/futech.tessenderlo\" \/>\n<meta property=\"article:modified_time\" content=\"2023-07-07T12:58:41+00:00\" \/>\n<meta name=\"twitter:card\" content=\"summary_large_image\" \/>\n<meta name=\"twitter:label1\" content=\"Dur\u00e9e de lecture estim\u00e9e\" \/>\n\t<meta name=\"twitter:data1\" content=\"4 minutes\" \/>\n<script type=\"application\/ld+json\" class=\"yoast-schema-graph\">{\"@context\":\"https:\\\/\\\/schema.org\",\"@graph\":[{\"@type\":\"WebPage\",\"@id\":\"https:\\\/\\\/futech.be\\\/fr\\\/panneaux-solaires-en-general\\\/\",\"url\":\"https:\\\/\\\/futech.be\\\/fr\\\/panneaux-solaires-en-general\\\/\",\"name\":\"Panneaux solaires en g\u00e9n\u00e9ral - Futech\",\"isPartOf\":{\"@id\":\"https:\\\/\\\/futech.be\\\/fr\\\/#website\"},\"datePublished\":\"2023-07-07T07:16:35+00:00\",\"dateModified\":\"2023-07-07T12:58:41+00:00\",\"description\":\"Les questions les plus fr\u00e9quentes sur les panneaux solaires de Futech general. Retrouvez-les ici et d\u00e9couvrez tout sur votre installation!\",\"breadcrumb\":{\"@id\":\"https:\\\/\\\/futech.be\\\/fr\\\/panneaux-solaires-en-general\\\/#breadcrumb\"},\"inLanguage\":\"fr-FR\",\"potentialAction\":[{\"@type\":\"ReadAction\",\"target\":[\"https:\\\/\\\/futech.be\\\/fr\\\/panneaux-solaires-en-general\\\/\"]}]},{\"@type\":\"BreadcrumbList\",\"@id\":\"https:\\\/\\\/futech.be\\\/fr\\\/panneaux-solaires-en-general\\\/#breadcrumb\",\"itemListElement\":[{\"@type\":\"ListItem\",\"position\":1,\"name\":\"Home\",\"item\":\"https:\\\/\\\/futech.be\\\/fr\\\/\"},{\"@type\":\"ListItem\",\"position\":2,\"name\":\"Panneaux solaires en g\u00e9n\u00e9ral\"}]},{\"@type\":\"WebSite\",\"@id\":\"https:\\\/\\\/futech.be\\\/fr\\\/#website\",\"url\":\"https:\\\/\\\/futech.be\\\/fr\\\/\",\"name\":\"Futech\",\"description\":\"Expert in zonne-energie\",\"publisher\":{\"@id\":\"https:\\\/\\\/futech.be\\\/fr\\\/#organization\"},\"potentialAction\":[{\"@type\":\"SearchAction\",\"target\":{\"@type\":\"EntryPoint\",\"urlTemplate\":\"https:\\\/\\\/futech.be\\\/fr\\\/?s={search_term_string}\"},\"query-input\":{\"@type\":\"PropertyValueSpecification\",\"valueRequired\":true,\"valueName\":\"search_term_string\"}}],\"inLanguage\":\"fr-FR\"},{\"@type\":\"Organization\",\"@id\":\"https:\\\/\\\/futech.be\\\/fr\\\/#organization\",\"name\":\"Futech\",\"url\":\"https:\\\/\\\/futech.be\\\/fr\\\/\",\"logo\":{\"@type\":\"ImageObject\",\"inLanguage\":\"fr-FR\",\"@id\":\"https:\\\/\\\/futech.be\\\/fr\\\/#\\\/schema\\\/logo\\\/image\\\/\",\"url\":\"https:\\\/\\\/futech.be\\\/wp-content\\\/uploads\\\/2022\\\/05\\\/Futech-logo.png\",\"contentUrl\":\"https:\\\/\\\/futech.be\\\/wp-content\\\/uploads\\\/2022\\\/05\\\/Futech-logo.png\",\"width\":1413,\"height\":445,\"caption\":\"Futech\"},\"image\":{\"@id\":\"https:\\\/\\\/futech.be\\\/fr\\\/#\\\/schema\\\/logo\\\/image\\\/\"},\"sameAs\":[\"https:\\\/\\\/www.facebook.com\\\/futech.tessenderlo\",\"https:\\\/\\\/www.instagram.com\\\/futechbv\\\/\"]}]}<\/script>\n<!-- \/ Yoast SEO plugin. -->","yoast_head_json":{"title":"Panneaux solaires en g\u00e9n\u00e9ral - Futech","description":"Les questions les plus fr\u00e9quentes sur les panneaux solaires de Futech general. Retrouvez-les ici et d\u00e9couvrez tout sur votre installation!","robots":{"index":"index","follow":"follow","max-snippet":"max-snippet:-1","max-image-preview":"max-image-preview:large","max-video-preview":"max-video-preview:-1"},"canonical":"https:\/\/futech.be\/fr\/panneaux-solaires-en-general\/","og_locale":"fr_FR","og_type":"article","og_title":"Panneaux solaires en g\u00e9n\u00e9ral - Futech","og_description":"Les questions les plus fr\u00e9quentes sur les panneaux solaires de Futech general. Retrouvez-les ici et d\u00e9couvrez tout sur votre installation!","og_url":"https:\/\/futech.be\/fr\/panneaux-solaires-en-general\/","og_site_name":"Futech","article_publisher":"https:\/\/www.facebook.com\/futech.tessenderlo","article_modified_time":"2023-07-07T12:58:41+00:00","twitter_card":"summary_large_image","twitter_misc":{"Dur\u00e9e de lecture estim\u00e9e":"4 minutes"},"schema":{"@context":"https:\/\/schema.org","@graph":[{"@type":"WebPage","@id":"https:\/\/futech.be\/fr\/panneaux-solaires-en-general\/","url":"https:\/\/futech.be\/fr\/panneaux-solaires-en-general\/","name":"Panneaux solaires en g\u00e9n\u00e9ral - Futech","isPartOf":{"@id":"https:\/\/futech.be\/fr\/#website"},"datePublished":"2023-07-07T07:16:35+00:00","dateModified":"2023-07-07T12:58:41+00:00","description":"Les questions les plus fr\u00e9quentes sur les panneaux solaires de Futech general. Retrouvez-les ici et d\u00e9couvrez tout sur votre installation!","breadcrumb":{"@id":"https:\/\/futech.be\/fr\/panneaux-solaires-en-general\/#breadcrumb"},"inLanguage":"fr-FR","potentialAction":[{"@type":"ReadAction","target":["https:\/\/futech.be\/fr\/panneaux-solaires-en-general\/"]}]},{"@type":"BreadcrumbList","@id":"https:\/\/futech.be\/fr\/panneaux-solaires-en-general\/#breadcrumb","itemListElement":[{"@type":"ListItem","position":1,"name":"Home","item":"https:\/\/futech.be\/fr\/"},{"@type":"ListItem","position":2,"name":"Panneaux solaires en g\u00e9n\u00e9ral"}]},{"@type":"WebSite","@id":"https:\/\/futech.be\/fr\/#website","url":"https:\/\/futech.be\/fr\/","name":"Futech","description":"Expert in zonne-energie","publisher":{"@id":"https:\/\/futech.be\/fr\/#organization"},"potentialAction":[{"@type":"SearchAction","target":{"@type":"EntryPoint","urlTemplate":"https:\/\/futech.be\/fr\/?s={search_term_string}"},"query-input":{"@type":"PropertyValueSpecification","valueRequired":true,"valueName":"search_term_string"}}],"inLanguage":"fr-FR"},{"@type":"Organization","@id":"https:\/\/futech.be\/fr\/#organization","name":"Futech","url":"https:\/\/futech.be\/fr\/","logo":{"@type":"ImageObject","inLanguage":"fr-FR","@id":"https:\/\/futech.be\/fr\/#\/schema\/logo\/image\/","url":"https:\/\/futech.be\/wp-content\/uploads\/2022\/05\/Futech-logo.png","contentUrl":"https:\/\/futech.be\/wp-content\/uploads\/2022\/05\/Futech-logo.png","width":1413,"height":445,"caption":"Futech"},"image":{"@id":"https:\/\/futech.be\/fr\/#\/schema\/logo\/image\/"},"sameAs":["https:\/\/www.facebook.com\/futech.tessenderlo","https:\/\/www.instagram.com\/futechbv\/"]}]}},"_links":{"self":[{"href":"https:\/\/futech.be\/fr\/wp-json\/wp\/v2\/pages\/77278","targetHints":{"allow":["GET"]}}],"collection":[{"href":"https:\/\/futech.be\/fr\/wp-json\/wp\/v2\/pages"}],"about":[{"href":"https:\/\/futech.be\/fr\/wp-json\/wp\/v2\/types\/page"}],"author":[{"embeddable":true,"href":"https:\/\/futech.be\/fr\/wp-json\/wp\/v2\/users\/2"}],"replies":[{"embeddable":true,"href":"https:\/\/futech.be\/fr\/wp-json\/wp\/v2\/comments?post=77278"}],"version-history":[{"count":5,"href":"https:\/\/futech.be\/fr\/wp-json\/wp\/v2\/pages\/77278\/revisions"}],"predecessor-version":[{"id":77285,"href":"https:\/\/futech.be\/fr\/wp-json\/wp\/v2\/pages\/77278\/revisions\/77285"}],"wp:attachment":[{"href":"https:\/\/futech.be\/fr\/wp-json\/wp\/v2\/media?parent=77278"}],"curies":[{"name":"wp","href":"https:\/\/api.w.org\/{rel}","templated":true}]}}