{"id":69555,"date":"2022-10-06T07:23:02","date_gmt":"2022-10-06T06:23:02","guid":{"rendered":"https:\/\/futech.be\/friends-with-benefits-actie\/"},"modified":"2022-10-06T13:59:15","modified_gmt":"2022-10-06T13:59:15","slug":"friends-with-benefits","status":"publish","type":"page","link":"https:\/\/futech.be\/fr\/friends-with-benefits\/","title":{"rendered":"Friends with benefits actie"},"content":{"rendered":"[vc_row type=\u00a0\u00bbfull_width_background\u00a0\u00bb full_screen_row_position=\u00a0\u00bbmiddle\u00a0\u00bb column_margin=\u00a0\u00bbdefault\u00a0\u00bb column_direction=\u00a0\u00bbdefault\u00a0\u00bb column_direction_tablet=\u00a0\u00bbdefault\u00a0\u00bb column_direction_phone=\u00a0\u00bbdefault\u00a0\u00bb bg_image=\u00a0\u00bb68242&Prime; bg_position=\u00a0\u00bbcustom\u00a0\u00bb bg_position_x=\u00a0\u00bb\u00a0\u00bb bg_position_y=\u00a0\u00bb85&Prime; background_image_loading=\u00a0\u00bbdefault\u00a0\u00bb bg_repeat=\u00a0\u00bbno-repeat\u00a0\u00bb scene_position=\u00a0\u00bbcenter\u00a0\u00bb top_padding=\u00a0\u00bb10%\u00a0\u00bb bottom_padding=\u00a0\u00bb7%\u00a0\u00bb text_color=\u00a0\u00bblight\u00a0\u00bb text_align=\u00a0\u00bbleft\u00a0\u00bb row_border_radius=\u00a0\u00bbnone\u00a0\u00bb row_border_radius_applies=\u00a0\u00bbbg\u00a0\u00bb overflow=\u00a0\u00bbvisible\u00a0\u00bb color_overlay=\u00a0\u00bb#000000&Prime; advanced_gradient_angle=\u00a0\u00bb0&Prime; overlay_strength=\u00a0\u00bb0.5&Prime; gradient_direction=\u00a0\u00bbleft_to_right\u00a0\u00bb shape_divider_position=\u00a0\u00bbbottom\u00a0\u00bb bg_image_animation=\u00a0\u00bbnone\u00a0\u00bb gradient_type=\u00a0\u00bbdefault\u00a0\u00bb shape_type=\u00a0\u00bb\u00a0\u00bb][vc_column column_padding=\u00a0\u00bbno-extra-padding\u00a0\u00bb column_padding_tablet=\u00a0\u00bbinherit\u00a0\u00bb column_padding_phone=\u00a0\u00bbinherit\u00a0\u00bb column_padding_position=\u00a0\u00bball\u00a0\u00bb column_element_spacing=\u00a0\u00bbdefault\u00a0\u00bb background_color_opacity=\u00a0\u00bb1&Prime; background_hover_color_opacity=\u00a0\u00bb1&Prime; column_shadow=\u00a0\u00bbnone\u00a0\u00bb column_border_radius=\u00a0\u00bbnone\u00a0\u00bb column_link_target=\u00a0\u00bb_self\u00a0\u00bb column_position=\u00a0\u00bbdefault\u00a0\u00bb advanced_gradient_angle=\u00a0\u00bb0&Prime; gradient_direction=\u00a0\u00bbleft_to_right\u00a0\u00bb overlay_strength=\u00a0\u00bb0.3&Prime; width=\u00a0\u00bb1\/1&Prime; tablet_width_inherit=\u00a0\u00bbdefault\u00a0\u00bb tablet_text_alignment=\u00a0\u00bbdefault\u00a0\u00bb phone_text_alignment=\u00a0\u00bbdefault\u00a0\u00bb animation_type=\u00a0\u00bbdefault\u00a0\u00bb bg_image_animation=\u00a0\u00bbnone\u00a0\u00bb border_type=\u00a0\u00bbsimple\u00a0\u00bb column_border_width=\u00a0\u00bbnone\u00a0\u00bb column_border_style=\u00a0\u00bbsolid\u00a0\u00bb gradient_type=\u00a0\u00bbdefault\u00a0\u00bb][vc_column_text]\n<h5>A PROPOS DE NOUS<\/h5>\n[\/vc_column_text][split_line_heading animation_type=\u00a0\u00bbdefault\u00a0\u00bb]\n<h3>Friends with benefits<\/h3>\n<h3><\/h3>\n[\/split_line_heading][divider line_type=\u00a0\u00bbNo Line\u00a0\u00bb custom_height=\u00a0\u00bb200&Prime;][\/vc_column][\/vc_row][vc_row type=\u00a0\u00bbin_container\u00a0\u00bb full_screen_row_position=\u00a0\u00bbmiddle\u00a0\u00bb column_margin=\u00a0\u00bbdefault\u00a0\u00bb column_direction=\u00a0\u00bbdefault\u00a0\u00bb column_direction_tablet=\u00a0\u00bbdefault\u00a0\u00bb column_direction_phone=\u00a0\u00bbdefault\u00a0\u00bb scene_position=\u00a0\u00bbcenter\u00a0\u00bb text_color=\u00a0\u00bbdark\u00a0\u00bb text_align=\u00a0\u00bbleft\u00a0\u00bb row_border_radius=\u00a0\u00bbnone\u00a0\u00bb row_border_radius_applies=\u00a0\u00bbbg\u00a0\u00bb overflow=\u00a0\u00bbvisible\u00a0\u00bb overlay_strength=\u00a0\u00bb0.3&Prime; gradient_direction=\u00a0\u00bbleft_to_right\u00a0\u00bb shape_divider_position=\u00a0\u00bbbottom\u00a0\u00bb bg_image_animation=\u00a0\u00bbnone\u00a0\u00bb][vc_column column_padding=\u00a0\u00bbno-extra-padding\u00a0\u00bb column_padding_tablet=\u00a0\u00bbinherit\u00a0\u00bb column_padding_phone=\u00a0\u00bbinherit\u00a0\u00bb column_padding_position=\u00a0\u00bball\u00a0\u00bb column_element_spacing=\u00a0\u00bbdefault\u00a0\u00bb background_color_opacity=\u00a0\u00bb1&Prime; background_hover_color_opacity=\u00a0\u00bb1&Prime; column_shadow=\u00a0\u00bbnone\u00a0\u00bb column_border_radius=\u00a0\u00bbnone\u00a0\u00bb column_link_target=\u00a0\u00bb_self\u00a0\u00bb column_position=\u00a0\u00bbdefault\u00a0\u00bb gradient_direction=\u00a0\u00bbleft_to_right\u00a0\u00bb overlay_strength=\u00a0\u00bb0.3&Prime; width=\u00a0\u00bb1\/1&Prime; tablet_width_inherit=\u00a0\u00bbdefault\u00a0\u00bb tablet_text_alignment=\u00a0\u00bbdefault\u00a0\u00bb phone_text_alignment=\u00a0\u00bbdefault\u00a0\u00bb animation_type=\u00a0\u00bbdefault\u00a0\u00bb bg_image_animation=\u00a0\u00bbnone\u00a0\u00bb border_type=\u00a0\u00bbsimple\u00a0\u00bb column_border_width=\u00a0\u00bbnone\u00a0\u00bb column_border_style=\u00a0\u00bbsolid\u00a0\u00bb][divider line_type=\u00a0\u00bbNo Line\u00a0\u00bb custom_height=\u00a0\u00bb50&Prime;][split_line_heading animation_type=\u00a0\u00bbline-reveal-by-space\u00a0\u00bb font_style=\u00a0\u00bbh3&Prime; line_reveal_by_space_text_effect=\u00a0\u00bbdefault\u00a0\u00bb stagger_animation=\u00a0\u00bbtrue\u00a0\u00bb content_alignment=\u00a0\u00bbdefault\u00a0\u00bb mobile_content_alignment=\u00a0\u00bbinherit\u00a0\u00bb link_target=\u00a0\u00bb_self\u00a0\u00bb text_content=\u00a0\u00bbGagnez 100 \u20ac simplement en parlant de nous \u00e0 vos amis ?\u00a0\u00bb font_size=\u00a0\u00bb3vw\u00a0\u00bb][\/split_line_heading][divider line_type=\u00a0\u00bbNo Line\u00a0\u00bb custom_height=\u00a0\u00bb50&Prime;][vc_column_text]Parlez \u00e0 \u00a0un ami, un coll\u00e8gue, une connaissance ou une autre personne de Futech Home pour l\u2019achat de panneaux solaires (Formule Eco Invest) et recevez un bon de 100 euro si cette personne signe chez nous\u00a0!<\/p>\n<p>Pour que l\u2019offre soit valable, il faut satisfaire ces conditions\u00a0:<\/p>\n<p>\u2013\u00a0Vous devez nous transmettre par vous-m\u00eame quel client vous nous avez amen\u00e9 avant de nous demander cette offre.<br \/>\n\u2013 La r\u00e9duction sera appliqu\u00e9e une fois que votre ami, connaissance ou coll\u00e8gue aura pay\u00e9 l\u2019achat de son installation chez Futech Home.[\/vc_column_text]\n<div class=\"wpcf7 no-js\" id=\"wpcf7-f69557-o1\" lang=\"fr-FR\" dir=\"ltr\" data-wpcf7-id=\"69557\">\n<div class=\"screen-reader-response\"><p role=\"status\" aria-live=\"polite\" aria-atomic=\"true\"><\/p> <ul><\/ul><\/div>\n<form action=\"\/fr\/wp-json\/wp\/v2\/pages\/69555#wpcf7-f69557-o1\" method=\"post\" class=\"wpcf7-form init\" aria-label=\"Formulaire de contact\" novalidate=\"novalidate\" data-status=\"init\">\n<fieldset class=\"hidden-fields-container\"><input type=\"hidden\" name=\"_wpcf7\" value=\"69557\" \/><input type=\"hidden\" name=\"_wpcf7_version\" value=\"6.1.5\" \/><input type=\"hidden\" name=\"_wpcf7_locale\" value=\"fr_FR\" \/><input type=\"hidden\" name=\"_wpcf7_unit_tag\" value=\"wpcf7-f69557-o1\" \/><input type=\"hidden\" name=\"_wpcf7_container_post\" value=\"0\" \/><input type=\"hidden\" name=\"_wpcf7_posted_data_hash\" value=\"\" \/><input type=\"hidden\" name=\"_wpcf7_recaptcha_response\" value=\"\" \/>\n<\/fieldset>\n<p><strong>Vos coordonn\u00e9es:<\/strong>\n<\/p>\n<table style=\"background: none; border: none; padding: 0px\">\n\t<tr style=\"background: none; border: none; padding: 0px\">\n\t\t<td style=\"background: none; border: none; padding-left: 0px\">\n\t\t\t<p><span class=\"wpcf7-form-control-wrap\" data-name=\"voornaam-aanbrenger\"><input size=\"40\" maxlength=\"400\" class=\"wpcf7-form-control wpcf7-text wpcf7-validates-as-required\" aria-required=\"true\" aria-invalid=\"false\" placeholder=\"Pr\u00e9nom*\" value=\"\" type=\"text\" name=\"voornaam-aanbrenger\" \/><\/span>\n\t\t\t<\/p>\n\t\t<\/td>\n\t\t<td style=\"background: none; border: none; padding-left: 0px\">\n\t\t\t<p><span class=\"wpcf7-form-control-wrap\" data-name=\"achternaam-aanbrenger\"><input size=\"40\" maxlength=\"400\" class=\"wpcf7-form-control wpcf7-text wpcf7-validates-as-required\" aria-required=\"true\" aria-invalid=\"false\" placeholder=\"Nom*\" value=\"\" type=\"text\" name=\"achternaam-aanbrenger\" \/><\/span>\n\t\t\t<\/p>\n\t\t<\/td>\n\t<\/tr>\n\t<tr style=\"background: none; border: none; padding: 0px\">\n\t\t<td colspan=\"2\" style=\"background: none; border: none; padding-left: 0px\">\n\t\t\t<p><span class=\"wpcf7-form-control-wrap\" data-name=\"email-aanbrenger\"><input size=\"40\" maxlength=\"400\" class=\"wpcf7-form-control wpcf7-email wpcf7-validates-as-required wpcf7-text wpcf7-validates-as-email\" aria-required=\"true\" aria-invalid=\"false\" placeholder=\"E-mailadres*\" value=\"\" type=\"email\" name=\"email-aanbrenger\" \/><\/span>\n\t\t\t<\/p>\n\t\t<\/td>\n\t<\/tr>\n<\/table>\n<p><strong>D\u00e9tails de la personne que vous mettez:<\/strong>\n<\/p>\n<table style=\"background: none; border: none; padding: 0px\">\n\t<tr style=\"background: none; border: none; padding: 0px\">\n\t\t<td style=\"background: none; border: none; padding-left: 0px\">\n\t\t\t<p><span class=\"wpcf7-form-control-wrap\" data-name=\"voornaam-vriend\"><input size=\"40\" maxlength=\"400\" class=\"wpcf7-form-control wpcf7-text wpcf7-validates-as-required\" aria-required=\"true\" aria-invalid=\"false\" placeholder=\"Pr\u00e9nom de l&#039;ami*\" value=\"\" type=\"text\" name=\"voornaam-vriend\" \/><\/span>\n\t\t\t<\/p>\n\t\t<\/td>\n\t\t<td style=\"background: none; border: none; padding-left: 0px\">\n\t\t\t<p><span class=\"wpcf7-form-control-wrap\" data-name=\"achternaam-vriend\"><input size=\"40\" maxlength=\"400\" class=\"wpcf7-form-control wpcf7-text wpcf7-validates-as-required\" aria-required=\"true\" aria-invalid=\"false\" placeholder=\"Nom de famille ami*\" value=\"\" type=\"text\" name=\"achternaam-vriend\" \/><\/span>\n\t\t\t<\/p>\n\t\t<\/td>\n\t<\/tr>\n\t<tr style=\"background: none; border: none; padding: 0px\">\n\t\t<td style=\"background: none; border: none; padding-left: 0px\">\n\t\t\t<p><span class=\"wpcf7-form-control-wrap\" data-name=\"email-vriend\"><input size=\"40\" maxlength=\"400\" class=\"wpcf7-form-control wpcf7-email wpcf7-text wpcf7-validates-as-email\" aria-invalid=\"false\" placeholder=\"Adresse \u00e9lectronique de l&#039;ami\" value=\"\" type=\"email\" name=\"email-vriend\" \/><\/span>\n\t\t\t<\/p>\n\t\t<\/td>\n\t\t<td style=\"background: none; border: none; padding-left: 0px\">\n\t\t\t<p><span class=\"wpcf7-form-control-wrap\" data-name=\"telefoon-vriend\"><input size=\"40\" maxlength=\"400\" class=\"wpcf7-form-control wpcf7-text wpcf7-validates-as-required\" aria-required=\"true\" aria-invalid=\"false\" placeholder=\"Num\u00e9ro de t\u00e9l\u00e9phone de l&#039;ami*\" value=\"\" type=\"text\" name=\"telefoon-vriend\" \/><\/span>\n\t\t\t<\/p>\n\t\t<\/td>\n\t<\/tr>\n<\/table>\n<tr style=\"background: none; border: none; padding: 0px\">\n\t<td colspan=\"2\" style=\"background: none; border: none; padding-left: 0px\">\n\t\t<p><span class=\"wpcf7-form-control-wrap\" data-name=\"accept-this-1\"><span class=\"wpcf7-form-control wpcf7-acceptance\"><span class=\"wpcf7-list-item\"><label><input type=\"checkbox\" name=\"accept-this-1\" value=\"1\" aria-invalid=\"false\" \/><span class=\"wpcf7-list-item-label\">J'accepte la <a target='_blank' href='https:\/\/www.futech.be\/nl\/privacy-policy-disclaimer\/'>La Politique de Confidentialit\u00e9<\/a> de Futech<\/span><\/label><\/span><\/span><\/span><br \/>\n\t\t<div class=\"wpcf7-response-output\" aria-hidden=\"true\"><\/div>\n\t<\/td>\n<\/tr>\n<div class=\"form-group\">\n\t<tr style=\"background: none; border: none; padding: 0px\">\n\t\t<td colspan=\"2\" style=\"background: none; border: none; padding-left: 0px\">\n\t\t\t<p><input class=\"wpcf7-form-control wpcf7-submit has-spinner\" type=\"submit\" value=\"Gagnez 100 euros maintenant\" \/>\n\t\t\t<\/p>\n\t\t<\/td>\n\t<\/tr>\n<\/div><p style=\"display: none !important;\" class=\"akismet-fields-container\" data-prefix=\"_wpcf7_ak_\"><label>&#916;<textarea name=\"_wpcf7_ak_hp_textarea\" cols=\"45\" rows=\"8\" maxlength=\"100\"><\/textarea><\/label><input type=\"hidden\" id=\"ak_js_1\" name=\"_wpcf7_ak_js\" value=\"6\"\/><script>document.getElementById( \"ak_js_1\" ).setAttribute( \"value\", ( new Date() ).getTime() );<\/script><\/p>\n<\/form>\n<\/div>\n[\/vc_column][\/vc_row]\n","protected":false},"excerpt":{"rendered":"<p>[vc_row type=\u00a0\u00bbfull_width_background\u00a0\u00bb full_screen_row_position=\u00a0\u00bbmiddle\u00a0\u00bb column_margin=\u00a0\u00bbdefault\u00a0\u00bb column_direction=\u00a0\u00bbdefault\u00a0\u00bb column_direction_tablet=\u00a0\u00bbdefault\u00a0\u00bb column_direction_phone=\u00a0\u00bbdefault\u00a0\u00bb bg_image=\u00a0\u00bb68242&Prime; bg_position=\u00a0\u00bbcustom\u00a0\u00bb bg_position_x=\u00a0\u00bb\u00a0\u00bb bg_position_y=\u00a0\u00bb85&Prime; background_image_loading=\u00a0\u00bbdefault\u00a0\u00bb bg_repeat=\u00a0\u00bbno-repeat\u00a0\u00bb scene_position=\u00a0\u00bbcenter\u00a0\u00bb top_padding=\u00a0\u00bb10%\u00a0\u00bb&#8230;<\/p>\n","protected":false},"author":1,"featured_media":0,"parent":0,"menu_order":0,"comment_status":"closed","ping_status":"closed","template":"","meta":{"footnotes":""},"class_list":["post-69555","page","type-page","status-publish"],"yoast_head":"<!-- This site is optimized with the Yoast SEO plugin v27.3 - https:\/\/yoast.com\/product\/yoast-seo-wordpress\/ -->\n<title>Friends with benefits actie - Futech<\/title>\n<meta name=\"description\" content=\"Wil jij deelnemen aan de friends with benefits actie van Futech? Dan ben je hier op de juiste pagina. Breng iemand aan en verdien 100 euro.\" \/>\n<meta name=\"robots\" content=\"index, follow, max-snippet:-1, max-image-preview:large, max-video-preview:-1\" \/>\n<link rel=\"canonical\" href=\"https:\/\/futech.be\/fr\/friends-with-benefits\/\" \/>\n<meta property=\"og:locale\" content=\"fr_FR\" \/>\n<meta property=\"og:type\" content=\"article\" \/>\n<meta property=\"og:title\" content=\"Friends with benefits actie - Futech\" \/>\n<meta property=\"og:description\" content=\"Wil jij deelnemen aan de friends with benefits actie van Futech? Dan ben je hier op de juiste pagina. Breng iemand aan en verdien 100 euro.\" \/>\n<meta property=\"og:url\" content=\"https:\/\/futech.be\/fr\/friends-with-benefits\/\" \/>\n<meta property=\"og:site_name\" content=\"Futech\" \/>\n<meta property=\"article:publisher\" content=\"https:\/\/www.facebook.com\/futech.tessenderlo\" \/>\n<meta property=\"article:modified_time\" content=\"2022-10-06T13:59:15+00:00\" \/>\n<meta name=\"twitter:card\" content=\"summary_large_image\" \/>\n<meta name=\"twitter:label1\" content=\"Dur\u00e9e de lecture estim\u00e9e\" \/>\n\t<meta name=\"twitter:data1\" content=\"2 minutes\" \/>\n<script type=\"application\/ld+json\" class=\"yoast-schema-graph\">{\"@context\":\"https:\\\/\\\/schema.org\",\"@graph\":[{\"@type\":\"WebPage\",\"@id\":\"https:\\\/\\\/futech.be\\\/fr\\\/friends-with-benefits\\\/\",\"url\":\"https:\\\/\\\/futech.be\\\/fr\\\/friends-with-benefits\\\/\",\"name\":\"Friends with benefits actie - Futech\",\"isPartOf\":{\"@id\":\"https:\\\/\\\/futech.be\\\/fr\\\/#website\"},\"datePublished\":\"2022-10-06T06:23:02+00:00\",\"dateModified\":\"2022-10-06T13:59:15+00:00\",\"description\":\"Wil jij deelnemen aan de friends with benefits actie van Futech? Dan ben je hier op de juiste pagina. Breng iemand aan en verdien 100 euro.\",\"breadcrumb\":{\"@id\":\"https:\\\/\\\/futech.be\\\/fr\\\/friends-with-benefits\\\/#breadcrumb\"},\"inLanguage\":\"fr-FR\",\"potentialAction\":[{\"@type\":\"ReadAction\",\"target\":[\"https:\\\/\\\/futech.be\\\/fr\\\/friends-with-benefits\\\/\"]}]},{\"@type\":\"BreadcrumbList\",\"@id\":\"https:\\\/\\\/futech.be\\\/fr\\\/friends-with-benefits\\\/#breadcrumb\",\"itemListElement\":[{\"@type\":\"ListItem\",\"position\":1,\"name\":\"Home\",\"item\":\"https:\\\/\\\/futech.be\\\/fr\\\/\"},{\"@type\":\"ListItem\",\"position\":2,\"name\":\"Friends with benefits actie\"}]},{\"@type\":\"WebSite\",\"@id\":\"https:\\\/\\\/futech.be\\\/fr\\\/#website\",\"url\":\"https:\\\/\\\/futech.be\\\/fr\\\/\",\"name\":\"Futech\",\"description\":\"Expert in zonne-energie\",\"publisher\":{\"@id\":\"https:\\\/\\\/futech.be\\\/fr\\\/#organization\"},\"potentialAction\":[{\"@type\":\"SearchAction\",\"target\":{\"@type\":\"EntryPoint\",\"urlTemplate\":\"https:\\\/\\\/futech.be\\\/fr\\\/?s={search_term_string}\"},\"query-input\":{\"@type\":\"PropertyValueSpecification\",\"valueRequired\":true,\"valueName\":\"search_term_string\"}}],\"inLanguage\":\"fr-FR\"},{\"@type\":\"Organization\",\"@id\":\"https:\\\/\\\/futech.be\\\/fr\\\/#organization\",\"name\":\"Futech\",\"url\":\"https:\\\/\\\/futech.be\\\/fr\\\/\",\"logo\":{\"@type\":\"ImageObject\",\"inLanguage\":\"fr-FR\",\"@id\":\"https:\\\/\\\/futech.be\\\/fr\\\/#\\\/schema\\\/logo\\\/image\\\/\",\"url\":\"https:\\\/\\\/futech.be\\\/wp-content\\\/uploads\\\/2022\\\/05\\\/Futech-logo.png\",\"contentUrl\":\"https:\\\/\\\/futech.be\\\/wp-content\\\/uploads\\\/2022\\\/05\\\/Futech-logo.png\",\"width\":1413,\"height\":445,\"caption\":\"Futech\"},\"image\":{\"@id\":\"https:\\\/\\\/futech.be\\\/fr\\\/#\\\/schema\\\/logo\\\/image\\\/\"},\"sameAs\":[\"https:\\\/\\\/www.facebook.com\\\/futech.tessenderlo\",\"https:\\\/\\\/www.instagram.com\\\/futechbv\\\/\"]}]}<\/script>\n<!-- \/ Yoast SEO plugin. -->","yoast_head_json":{"title":"Friends with benefits actie - Futech","description":"Wil jij deelnemen aan de friends with benefits actie van Futech? Dan ben je hier op de juiste pagina. Breng iemand aan en verdien 100 euro.","robots":{"index":"index","follow":"follow","max-snippet":"max-snippet:-1","max-image-preview":"max-image-preview:large","max-video-preview":"max-video-preview:-1"},"canonical":"https:\/\/futech.be\/fr\/friends-with-benefits\/","og_locale":"fr_FR","og_type":"article","og_title":"Friends with benefits actie - Futech","og_description":"Wil jij deelnemen aan de friends with benefits actie van Futech? Dan ben je hier op de juiste pagina. Breng iemand aan en verdien 100 euro.","og_url":"https:\/\/futech.be\/fr\/friends-with-benefits\/","og_site_name":"Futech","article_publisher":"https:\/\/www.facebook.com\/futech.tessenderlo","article_modified_time":"2022-10-06T13:59:15+00:00","twitter_card":"summary_large_image","twitter_misc":{"Dur\u00e9e de lecture estim\u00e9e":"2 minutes"},"schema":{"@context":"https:\/\/schema.org","@graph":[{"@type":"WebPage","@id":"https:\/\/futech.be\/fr\/friends-with-benefits\/","url":"https:\/\/futech.be\/fr\/friends-with-benefits\/","name":"Friends with benefits actie - Futech","isPartOf":{"@id":"https:\/\/futech.be\/fr\/#website"},"datePublished":"2022-10-06T06:23:02+00:00","dateModified":"2022-10-06T13:59:15+00:00","description":"Wil jij deelnemen aan de friends with benefits actie van Futech? Dan ben je hier op de juiste pagina. Breng iemand aan en verdien 100 euro.","breadcrumb":{"@id":"https:\/\/futech.be\/fr\/friends-with-benefits\/#breadcrumb"},"inLanguage":"fr-FR","potentialAction":[{"@type":"ReadAction","target":["https:\/\/futech.be\/fr\/friends-with-benefits\/"]}]},{"@type":"BreadcrumbList","@id":"https:\/\/futech.be\/fr\/friends-with-benefits\/#breadcrumb","itemListElement":[{"@type":"ListItem","position":1,"name":"Home","item":"https:\/\/futech.be\/fr\/"},{"@type":"ListItem","position":2,"name":"Friends with benefits actie"}]},{"@type":"WebSite","@id":"https:\/\/futech.be\/fr\/#website","url":"https:\/\/futech.be\/fr\/","name":"Futech","description":"Expert in zonne-energie","publisher":{"@id":"https:\/\/futech.be\/fr\/#organization"},"potentialAction":[{"@type":"SearchAction","target":{"@type":"EntryPoint","urlTemplate":"https:\/\/futech.be\/fr\/?s={search_term_string}"},"query-input":{"@type":"PropertyValueSpecification","valueRequired":true,"valueName":"search_term_string"}}],"inLanguage":"fr-FR"},{"@type":"Organization","@id":"https:\/\/futech.be\/fr\/#organization","name":"Futech","url":"https:\/\/futech.be\/fr\/","logo":{"@type":"ImageObject","inLanguage":"fr-FR","@id":"https:\/\/futech.be\/fr\/#\/schema\/logo\/image\/","url":"https:\/\/futech.be\/wp-content\/uploads\/2022\/05\/Futech-logo.png","contentUrl":"https:\/\/futech.be\/wp-content\/uploads\/2022\/05\/Futech-logo.png","width":1413,"height":445,"caption":"Futech"},"image":{"@id":"https:\/\/futech.be\/fr\/#\/schema\/logo\/image\/"},"sameAs":["https:\/\/www.facebook.com\/futech.tessenderlo","https:\/\/www.instagram.com\/futechbv\/"]}]}},"_links":{"self":[{"href":"https:\/\/futech.be\/fr\/wp-json\/wp\/v2\/pages\/69555","targetHints":{"allow":["GET"]}}],"collection":[{"href":"https:\/\/futech.be\/fr\/wp-json\/wp\/v2\/pages"}],"about":[{"href":"https:\/\/futech.be\/fr\/wp-json\/wp\/v2\/types\/page"}],"author":[{"embeddable":true,"href":"https:\/\/futech.be\/fr\/wp-json\/wp\/v2\/users\/1"}],"replies":[{"embeddable":true,"href":"https:\/\/futech.be\/fr\/wp-json\/wp\/v2\/comments?post=69555"}],"version-history":[{"count":3,"href":"https:\/\/futech.be\/fr\/wp-json\/wp\/v2\/pages\/69555\/revisions"}],"predecessor-version":[{"id":69559,"href":"https:\/\/futech.be\/fr\/wp-json\/wp\/v2\/pages\/69555\/revisions\/69559"}],"wp:attachment":[{"href":"https:\/\/futech.be\/fr\/wp-json\/wp\/v2\/media?parent=69555"}],"curies":[{"name":"wp","href":"https:\/\/api.w.org\/{rel}","templated":true}]}}